{"id":753,"date":"2025-08-15T21:38:03","date_gmt":"2025-08-15T18:38:03","guid":{"rendered":"http:\/\/www.lohjankamppailukeskus.fi\/?page_id=753"},"modified":"2025-08-15T21:41:56","modified_gmt":"2025-08-15T18:41:56","slug":"uutiset","status":"publish","type":"page","link":"https:\/\/www.lohjankamppailukeskus.fi\/index.php\/kyujutsu-3\/uutiset\/","title":{"rendered":"Uutiset"},"content":{"rendered":"\n<p>13. -14.09.2025<\/p>\n\n\n\n<figure class=\"wp-block-image size-large is-resized\"><img loading=\"lazy\" decoding=\"async\" width=\"740\" height=\"1024\" src=\"https:\/\/www.lohjankamppailukeskus.fi\/wp-content\/uploads\/2025\/08\/kyujutsu-2025-fi-740x1024.jpg\" alt=\"\" class=\"wp-image-760\" style=\"width:560px;height:auto\" srcset=\"https:\/\/www.lohjankamppailukeskus.fi\/wp-content\/uploads\/2025\/08\/kyujutsu-2025-fi-740x1024.jpg 740w, https:\/\/www.lohjankamppailukeskus.fi\/wp-content\/uploads\/2025\/08\/kyujutsu-2025-fi-217x300.jpg 217w, https:\/\/www.lohjankamppailukeskus.fi\/wp-content\/uploads\/2025\/08\/kyujutsu-2025-fi-768x1063.jpg 768w, https:\/\/www.lohjankamppailukeskus.fi\/wp-content\/uploads\/2025\/08\/kyujutsu-2025-fi-1110x1536.jpg 1110w, https:\/\/www.lohjankamppailukeskus.fi\/wp-content\/uploads\/2025\/08\/kyujutsu-2025-fi.jpg 1480w\" sizes=\"(max-width: 740px) 100vw, 740px\" \/><\/figure>\n\n\n\n<p><strong>13.08.2025<\/strong><\/p>\n\n\n\n<p>Suomalainen jousiampuja loistaa j\u00e4lleen Euroopan Ky\u00fbjutsu-mestaruuskilpailuissa Voimakkaassa paluussaan Euroopan Ky\u00fbjutsu-mestaruuskilpailuihin suomalainen Wolfgang Steffens, joka edustaa Lohjan Kamppailukeskusta, on j\u00e4lleen tehnyt vaikutuksen kansainv\u00e4liseen Ky\u00fbjutsu-yhteis\u00f6\u00f6n voittamalla 1. sijan Castle Guard -kilpailussa, 1. sijan Rapid Fire -kilpailussa sek\u00e4 2. sijan Precision Shooting -kilpailussa \u2013 kaikki 2. luokassa, jonne h\u00e4n siirtyi saatuaan vihre\u00e4n vy\u00f6n kev\u00e4\u00e4ll\u00e4. Twistringeniss\u00e4, Saksassa j\u00e4rjestetty tapahtuma kokosi yhteen taitavia  jousiampujia eri puolilta Eurooppaa mittaamaan osaamistaan muinaisen japanilaisen jousiammuntataidon parissa. Steffens, joka jatkoi viime vuoden l\u00e4pimurtomenestyst\u00e4\u00e4n, osoitti merkitt\u00e4v\u00e4\u00e4 monipuolisuutta menestym\u00e4ll\u00e4 kolmessa eri lajissa, yhdist\u00e4en nopeuden, tarkkuuden ja taktisen silm\u00e4n. N\u00e4m\u00e4 saavutukset vahvistavat entisest\u00e4\u00e4n Steffensin asemaa yhten\u00e4 Euroopan lupaavimmista Ky\u00fbjutsu-harrastajista. H\u00e4nen tasainen menestyksens\u00e4 eri kilpailumuodoissa kertoo paitsi teknisest\u00e4 osaamisesta my\u00f6s kyvyst\u00e4 sopeutua erilaisiin kilpailutilanteisiin. Suomen jousiammuntayhteis\u00f6 on ottanut uutiset innostuneesti vastaan ja n\u00e4kee Steffensin jatkuneen menestyksen inspiraation l\u00e4hteen\u00e4 sek\u00e4 merkkin\u00e4 lajin kasvavasta asemasta maassa. Pysyen tyypilliseen tapaansa vaatimattomana Steffens kertoi olevansa tyytyv\u00e4inen tuloksiinsa ja p\u00e4\u00e4tt\u00e4v\u00e4inen jatkamaan taitojensa kehitt\u00e4mist\u00e4 tulevia haasteita varten. Uusien palkintosijoitustensa my\u00f6t\u00e4 Steffens jatkaa historiallisen debyyttins\u00e4 luomaa vauhtia ja pit\u00e4\u00e4 Suomen vahvasti esill\u00e4 Ky\u00fbjutsun eurooppalaisella n\u00e4ytt\u00e4m\u00f6ll\u00e4.<\/p>\n\n\n\n<figure class=\"wp-block-image size-large is-resized\"><img loading=\"lazy\" decoding=\"async\" width=\"594\" height=\"1024\" src=\"https:\/\/www.lohjankamppailukeskus.fi\/wp-content\/uploads\/2025\/08\/kuva3-594x1024.jpg\" alt=\"\" class=\"wp-image-756\" style=\"width:454px;height:auto\" srcset=\"https:\/\/www.lohjankamppailukeskus.fi\/wp-content\/uploads\/2025\/08\/kuva3-594x1024.jpg 594w, https:\/\/www.lohjankamppailukeskus.fi\/wp-content\/uploads\/2025\/08\/kuva3-174x300.jpg 174w, https:\/\/www.lohjankamppailukeskus.fi\/wp-content\/uploads\/2025\/08\/kuva3.jpg 739w\" sizes=\"(max-width: 594px) 100vw, 594px\" \/><\/figure>\n","protected":false},"excerpt":{"rendered":"<p>13. -14.09.2025 13.08.2025 Suomalainen jousiampuja loistaa j\u00e4lleen Euroopan Ky\u00fbjutsu-mestaruuskilpailuissa Voimakkaassa paluussaan Euroopan Ky\u00fbjutsu-mestaruuskilpailuihin suomalainen Wolfgang Steffens, joka edustaa Lohjan Kamppailukeskusta, on j\u00e4lleen tehnyt vaikutuksen kansainv\u00e4liseen Ky\u00fbjutsu-yhteis\u00f6\u00f6n voittamalla 1. sijan Castle Guard -kilpailussa, 1. sijan Rapid Fire -kilpailussa sek\u00e4 2. sijan Precision Shooting -kilpailussa \u2013 kaikki 2. luokassa, jonne h\u00e4n siirtyi saatuaan vihre\u00e4n vy\u00f6n kev\u00e4\u00e4ll\u00e4. Twistringeniss\u00e4, [&hellip;]<\/p>\n","protected":false},"author":2,"featured_media":0,"parent":740,"menu_order":0,"comment_status":"closed","ping_status":"closed","template":"","meta":{"footnotes":""},"_links":{"self":[{"href":"https:\/\/www.lohjankamppailukeskus.fi\/index.php\/wp-json\/wp\/v2\/pages\/753"}],"collection":[{"href":"https:\/\/www.lohjankamppailukeskus.fi\/index.php\/wp-json\/wp\/v2\/pages"}],"about":[{"href":"https:\/\/www.lohjankamppailukeskus.fi\/index.php\/wp-json\/wp\/v2\/types\/page"}],"author":[{"embeddable":true,"href":"https:\/\/www.lohjankamppailukeskus.fi\/index.php\/wp-json\/wp\/v2\/users\/2"}],"replies":[{"embeddable":true,"href":"https:\/\/www.lohjankamppailukeskus.fi\/index.php\/wp-json\/wp\/v2\/comments?post=753"}],"version-history":[{"count":4,"href":"https:\/\/www.lohjankamppailukeskus.fi\/index.php\/wp-json\/wp\/v2\/pages\/753\/revisions"}],"predecessor-version":[{"id":761,"href":"https:\/\/www.lohjankamppailukeskus.fi\/index.php\/wp-json\/wp\/v2\/pages\/753\/revisions\/761"}],"up":[{"embeddable":true,"href":"https:\/\/www.lohjankamppailukeskus.fi\/index.php\/wp-json\/wp\/v2\/pages\/740"}],"wp:attachment":[{"href":"https:\/\/www.lohjankamppailukeskus.fi\/index.php\/wp-json\/wp\/v2\/media?parent=753"}],"curies":[{"name":"wp","href":"https:\/\/api.w.org\/{rel}","templated":true}]}}