{"id":740,"date":"2025-08-15T21:32:58","date_gmt":"2025-08-15T18:32:58","guid":{"rendered":"http:\/\/www.lohjankamppailukeskus.fi\/?page_id=740"},"modified":"2025-08-15T21:40:53","modified_gmt":"2025-08-15T18:40:53","slug":"kyujutsu-3","status":"publish","type":"page","link":"https:\/\/www.lohjankamppailukeskus.fi\/index.php\/kyujutsu-3\/","title":{"rendered":"Ky\u00fbjutsu"},"content":{"rendered":"\n<p>Yamabushi Ry\u00fb on kattava taistelutaitoj\u00e4rjestelm\u00e4, joka pohjautuu syv\u00e4sti japanilaisten soturimunkkien, Yamabushien, perinteisiin. Alun perin Yamabushit olivat vuoriaskeetteja, jotka harjoittivat uskonnollisia harjoituksia, l\u00e4\u00e4ketiedett\u00e4 ja mystisi\u00e4 taiteita pyrkien yhdist\u00e4m\u00e4\u00e4n ihmisen ja maailmankaikkeuden. Heid\u00e4n roolinsa yhteiskunnassa oli ainutlaatuinen, sill\u00e4 he saivat vapaasti kulkea maata ja k\u00e4ytt\u00e4\u00e4 tietojaan kansan hyv\u00e4ksi. Ajan my\u00f6t\u00e4 Yamabushi-termi laajeni kattamaan samuraita, jotka vet\u00e4ytyiv\u00e4t vuorille meditoimaan ja kehitt\u00e4m\u00e4\u00e4n itse\u00e4\u00e4n, sek\u00e4 is\u00e4nn\u00e4tt\u00f6mi\u00e4 samuraita (ronin), jotka omaksuivat t\u00e4m\u00e4n el\u00e4m\u00e4ntavan. Yamabushi Ry\u00fb kehitettiin t\u00e4m\u00e4n j\u00e4lkimm\u00e4isen k\u00e4sitteen pohjalta, yhdist\u00e4en teknisi\u00e4 taitoja henkisiin ja mentaalisiin harjoituksiin. J\u00e4rjestelm\u00e4 rakentuu kuuden pilarin ymp\u00e4rille: Kenjutsu (miekkatekniikat), S\u00f4jutsu (seip\u00e4\u00e4t), Kot\u00f4jutsu (pienet ter\u00e4aseet), Kobujutsu (talonpoikaisaseet), Ryokujutsu (aseeton taistelu) ja Ky\u00fbjutsu (japanilainen pitk\u00e4jousi). Jokainen pilari sis\u00e4lt\u00e4\u00e4 erilaisia alaj\u00e4rjestelmi\u00e4 ja tekniikoita, korostaen sek\u00e4 taistelun tehokkuutta ett\u00e4 perinteisi\u00e4 muotoja, kokonaisuuden koostuessa karkeasti kolmanneksesta tekniikkaa ja kahdesta kolmanneksesta mielt\u00e4 ja tietoa. Yamabushi Ry\u00fbta luonnehtii sen j\u00e4rkkym\u00e4t\u00f6n sitoutuminen vanhojen taistelutaitojen opetusten uudelleen l\u00f6yt\u00e4miseen ja s\u00e4ilytt\u00e4miseen. Sen perustivat mestarit, jotka kokivat, ett\u00e4 monet nykyaikaiset taistelutaidot olivat et\u00e4\u00e4ntyneet alkuper\u00e4isist\u00e4 tarkoituksistaan, keskittyen liikaa urheiluun tai kaupallisuuteen. N\u00e4m\u00e4 mestarit l\u00e4htiv\u00e4t matkalle etsim\u00e4\u00e4n d\u00f4joja ja ry\u00fbja, jotka yh\u00e4 opettivat vanhoja tapoja, kooten pirstaleista tietoa luodakseen uudelleen autenttisemman taistelutaidon. T\u00e4m\u00e4n seurauksena kaikki Yamabushi Ry\u00fbn mestarit ovat velvoitettuja jatkamaan vanhojen taistelutaitojen juurien etsint\u00e4\u00e4, laajentamaan tiet\u00e4myst\u00e4\u00e4n ja soveltamaan n\u00e4it\u00e4 muinaisia oivalluksia nykyaikaan. J\u00e4rjestelm\u00e4\u00e4 ei ole tarkoitettu urheilutarkoituksiin vaan pikemminkin itsepuolustukseen ja henkil\u00f6kohtaiseen kasvuun. Yksi j\u00e4rjestelm\u00e4n viimeisimmist\u00e4 lis\u00e4yksist\u00e4, Yamabushi Ry\u00fb Ky\u00fbjutsu, keskittyy k\u00e4yt\u00e4nn\u00f6n jousiammuntataitoihin sen sijaan, ett\u00e4 se noudattaisi Kyudon seremoniallisempaa l\u00e4hestymistapaa. T\u00e4m\u00e4 pilari korostaa maaliin osumista erilaisissa olosuhteissa ja sis\u00e4lt\u00e4\u00e4 wakizashin, lyhyen miekan, k\u00e4yt\u00f6n l\u00e4hitaistelussa, heijastaen taiteen taistelukentt\u00e4alkuper\u00e4\u00e4. Ytimelt\u00e4\u00e4n Yamabushi Ry\u00fb pyrkii juurruttamaan arvoja kuten rehellisyys, vilpitt\u00f6myys, kurinalaisuus, kunnioitus kanssaihmisi\u00e4 kohtaan ja harmonia luonnon kanssa. N\u00e4iden periaatteiden katsotaan olevan piilossa vanhojen taistelutaitojen maksiimien takana, ja Yamabushi Ry\u00fbn harjoittajat ovat tehneet el\u00e4m\u00e4nty\u00f6kseen n\u00e4iden uudelleen l\u00f6yt\u00e4misen ja soveltamisen nykyaikaan. J\u00e4rjestelm\u00e4 vaatii paljon oppilailtaan sek\u00e4 fyysisesti ett\u00e4 henkisesti, mutta tarjoaa vastineeksi arvokkaita taitoja ja periaatteita, jotka ulottuvat kauas dojon ulkopuolelle. Seuraamalla miekan ja muiden perinteisten aseiden polkua oppilaat saavat ainutlaatuisen n\u00e4k\u00f6kulman el\u00e4m\u00e4\u00e4n ja syvemm\u00e4n ymm\u00e4rryksen muinaisista taistelutaitoperinteist\u00e4. N\u00e4in Yamabushi Ry\u00fb toimii paitsi itsepuolustuksen v\u00e4lineen\u00e4, my\u00f6s kattavana el\u00e4m\u00e4nfilosofiana, ohjaten harjoittajiaan kohti henkil\u00f6kohtaista kasvua ja harmonisempaa olemassaoloa yhteiskunnassa ja luonnossa.<\/p>\n\n\n\n<figure class=\"wp-block-image size-large\"><img loading=\"lazy\" decoding=\"async\" width=\"1024\" height=\"577\" src=\"https:\/\/www.lohjankamppailukeskus.fi\/wp-content\/uploads\/2025\/08\/kuva1-1024x577.jpg\" alt=\"\" class=\"wp-image-743\" srcset=\"https:\/\/www.lohjankamppailukeskus.fi\/wp-content\/uploads\/2025\/08\/kuva1-1024x577.jpg 1024w, https:\/\/www.lohjankamppailukeskus.fi\/wp-content\/uploads\/2025\/08\/kuva1-300x169.jpg 300w, https:\/\/www.lohjankamppailukeskus.fi\/wp-content\/uploads\/2025\/08\/kuva1-768x432.jpg 768w, https:\/\/www.lohjankamppailukeskus.fi\/wp-content\/uploads\/2025\/08\/kuva1-1536x865.jpg 1536w, https:\/\/www.lohjankamppailukeskus.fi\/wp-content\/uploads\/2025\/08\/kuva1-2048x1153.jpg 2048w\" sizes=\"(max-width: 1024px) 100vw, 1024px\" \/><\/figure>\n\n\n\n<figure class=\"wp-block-image size-large\"><img loading=\"lazy\" decoding=\"async\" width=\"1024\" height=\"581\" src=\"https:\/\/www.lohjankamppailukeskus.fi\/wp-content\/uploads\/2025\/08\/kuva2-1024x581.jpg\" alt=\"\" class=\"wp-image-744\" srcset=\"https:\/\/www.lohjankamppailukeskus.fi\/wp-content\/uploads\/2025\/08\/kuva2-1024x581.jpg 1024w, https:\/\/www.lohjankamppailukeskus.fi\/wp-content\/uploads\/2025\/08\/kuva2-300x170.jpg 300w, https:\/\/www.lohjankamppailukeskus.fi\/wp-content\/uploads\/2025\/08\/kuva2-768x436.jpg 768w, https:\/\/www.lohjankamppailukeskus.fi\/wp-content\/uploads\/2025\/08\/kuva2-1536x871.jpg 1536w, https:\/\/www.lohjankamppailukeskus.fi\/wp-content\/uploads\/2025\/08\/kuva2-2048x1162.jpg 2048w\" sizes=\"(max-width: 1024px) 100vw, 1024px\" \/><\/figure>\n\n\n\n<figure class=\"wp-block-embed is-type-video is-provider-youtube wp-block-embed-youtube wp-embed-aspect-16-9 wp-has-aspect-ratio\"><div class=\"wp-block-embed__wrapper\">\n<iframe loading=\"lazy\" title=\"Kyujutsu H\u00e4meenlinna September 2024\" width=\"500\" height=\"281\" src=\"https:\/\/www.youtube.com\/embed\/a3L0as5Z3W0?feature=oembed\" frameborder=\"0\" allow=\"accelerometer; autoplay; clipboard-write; encrypted-media; gyroscope; picture-in-picture; web-share\" referrerpolicy=\"strict-origin-when-cross-origin\" allowfullscreen><\/iframe>\n<\/div><\/figure>\n","protected":false},"excerpt":{"rendered":"<p>Yamabushi Ry\u00fb on kattava taistelutaitoj\u00e4rjestelm\u00e4, joka pohjautuu syv\u00e4sti japanilaisten soturimunkkien, Yamabushien, perinteisiin. Alun perin Yamabushit olivat vuoriaskeetteja, jotka harjoittivat uskonnollisia harjoituksia, l\u00e4\u00e4ketiedett\u00e4 ja mystisi\u00e4 taiteita pyrkien yhdist\u00e4m\u00e4\u00e4n ihmisen ja maailmankaikkeuden. Heid\u00e4n roolinsa yhteiskunnassa oli ainutlaatuinen, sill\u00e4 he saivat vapaasti kulkea maata ja k\u00e4ytt\u00e4\u00e4 tietojaan kansan hyv\u00e4ksi. Ajan my\u00f6t\u00e4 Yamabushi-termi laajeni kattamaan samuraita, jotka vet\u00e4ytyiv\u00e4t vuorille [&hellip;]<\/p>\n","protected":false},"author":2,"featured_media":0,"parent":0,"menu_order":0,"comment_status":"closed","ping_status":"closed","template":"","meta":{"footnotes":""},"_links":{"self":[{"href":"https:\/\/www.lohjankamppailukeskus.fi\/index.php\/wp-json\/wp\/v2\/pages\/740"}],"collection":[{"href":"https:\/\/www.lohjankamppailukeskus.fi\/index.php\/wp-json\/wp\/v2\/pages"}],"about":[{"href":"https:\/\/www.lohjankamppailukeskus.fi\/index.php\/wp-json\/wp\/v2\/types\/page"}],"author":[{"embeddable":true,"href":"https:\/\/www.lohjankamppailukeskus.fi\/index.php\/wp-json\/wp\/v2\/users\/2"}],"replies":[{"embeddable":true,"href":"https:\/\/www.lohjankamppailukeskus.fi\/index.php\/wp-json\/wp\/v2\/comments?post=740"}],"version-history":[{"count":6,"href":"https:\/\/www.lohjankamppailukeskus.fi\/index.php\/wp-json\/wp\/v2\/pages\/740\/revisions"}],"predecessor-version":[{"id":759,"href":"https:\/\/www.lohjankamppailukeskus.fi\/index.php\/wp-json\/wp\/v2\/pages\/740\/revisions\/759"}],"wp:attachment":[{"href":"https:\/\/www.lohjankamppailukeskus.fi\/index.php\/wp-json\/wp\/v2\/media?parent=740"}],"curies":[{"name":"wp","href":"https:\/\/api.w.org\/{rel}","templated":true}]}}