{"id":295,"date":"2023-06-06T16:00:18","date_gmt":"2023-06-06T13:00:18","guid":{"rendered":"http:\/\/192.168.100.28\/?page_id=295"},"modified":"2023-06-06T16:00:18","modified_gmt":"2023-06-06T13:00:18","slug":"uutiset","status":"publish","type":"page","link":"https:\/\/www.lohjankamppailukeskus.fi\/index.php\/krav-maga\/uutiset\/","title":{"rendered":"Uutiset"},"content":{"rendered":"<ul class=\"wp-block-latest-posts__list has-dates wp-block-latest-posts\"><li><a class=\"wp-block-latest-posts__post-title\" href=\"https:\/\/www.lohjankamppailukeskus.fi\/index.php\/2023\/08\/14\/krav-maga-eyal-yanilov-seminaarikiertue-lohjalla\/\">Krav Maga &#8211; Eyal Yanilov -seminaarikiertue Lohjalla<\/a><time datetime=\"2023-08-14T18:47:04+03:00\" class=\"wp-block-latest-posts__post-date\">14.08.2023<\/time><div class=\"wp-block-latest-posts__post-excerpt\">KMG:n perustaja ja p\u00e4\u00e4kouluttaja Eyal Yanilov kiert\u00e4\u00e4 elokuun 2023 usealla paikkakunnalla Suomessa ohjaamassa krav maga -seminaarin. Keskiviikko 23.8.2023 klo 17-20: LOHJA Lis\u00e4\u00e4 aiheesta: https:\/\/kmgfinland.com\/tapahtuma\/eyal-yanilov-seminaarikiertue\/?fbclid=IwAR1Pc-XdwJSL0PX7mLDjF3GZDm_UAlBVVhvhrc7vbnX5ZjFXMltMMwBI2Ic<\/div><\/li>\n<li><a class=\"wp-block-latest-posts__post-title\" href=\"https:\/\/www.lohjankamppailukeskus.fi\/index.php\/2023\/06\/06\/kmg-kesaseminaari-2020-safe-transportation-seminaari\/\">KMG kes\u00e4seminaari 2020: Safe Transportation -seminaari<\/a><time datetime=\"2023-06-06T16:40:49+03:00\" class=\"wp-block-latest-posts__post-date\">06.06.2023<\/time><div class=\"wp-block-latest-posts__post-excerpt\">9 elokuuta 1:00 pm\u00a0&#8211;\u00a05:00 pm KMG:n vuoden 2020 kes\u00e4tapahtuma on Kirkkonummella j\u00e4rjestett\u00e4v\u00e4 Safe Transportation -seminaari. Safe Transportation -seminaarilla harjoitellaan krav magan tekniikoiden ja taktiikoiden soveltamista eri kulkuneuvoissa tapahtuvien v\u00e4kivaltatilanteita vastaan. Koulutuksen tarkoituksen on edist\u00e4\u00e4 osallistujan omaa osaamista aiheesta. Koulutus on avoin kaikille KMG:n harrastajille. Tapahtuman tiedot Hinnat Ilmoittautuminen Ilmoittautuminen tapahtuu oheisen ilmoittautumislomakkeen kautta. Ilmoittautumisen j\u00e4lkeen\u2026 <a href=\"https:\/\/www.lohjankamppailukeskus.fi\/index.php\/2023\/06\/06\/kmg-kesaseminaari-2020-safe-transportation-seminaari\/\" rel=\"noopener noreferrer\">Lue lis\u00e4\u00e4<span class=\"screen-reader-text\">: KMG kes\u00e4seminaari 2020: Safe Transportation -seminaari<\/span><\/a><\/div><\/li>\n<li><a class=\"wp-block-latest-posts__post-title\" href=\"https:\/\/www.lohjankamppailukeskus.fi\/index.php\/2023\/06\/06\/safe-transportation-erikoiskoulutus-7-9-8-2020-kirkkonummella\/\">Safe Transportation -erikoiskoulutus 7.-9.8.2020 Kirkkonummella<\/a><time datetime=\"2023-06-06T16:39:39+03:00\" class=\"wp-block-latest-posts__post-date\">06.06.2023<\/time><div class=\"wp-block-latest-posts__post-excerpt\">7 elokuuta 9:00 am\u00a0&#8211;\u00a09 elokuuta 5:30 pm KMG j\u00e4rjest\u00e4\u00e4 Safe Transportation -erikoiskoulutuksen elokuussa 2020 Kirkkonummella. Safe Transportation -erikoiskoulutuksessa harjoitellaan krav magan tekniikoiden ja taktiikoiden soveltamista eri kulkuneuvoissa tapahtuvia v\u00e4kivaltatilanteita vastaan. Koulutuksen tarkoituksena on edist\u00e4\u00e4 osallistujan omaa osaamista aiheesta. Koulutuksen aikana harjoitellaan henkil\u00f6autoissa, linja-autossa ja CQB-ymp\u00e4rist\u00f6ss\u00e4. Koulutus on avoin kaikille kokeneille (n. 2-3 vuotta harjoittelua) KMG:n\u2026 <a href=\"https:\/\/www.lohjankamppailukeskus.fi\/index.php\/2023\/06\/06\/safe-transportation-erikoiskoulutus-7-9-8-2020-kirkkonummella\/\" rel=\"noopener noreferrer\">Lue lis\u00e4\u00e4<span class=\"screen-reader-text\">: Safe Transportation -erikoiskoulutus 7.-9.8.2020 Kirkkonummella<\/span><\/a><\/div><\/li>\n<li><a class=\"wp-block-latest-posts__post-title\" href=\"https:\/\/www.lohjankamppailukeskus.fi\/index.php\/2023\/06\/06\/naisten-itsepuolustuskurssi-turussa\/\">Naisten itsepuolustuskurssi Turussa<\/a><time datetime=\"2023-06-06T16:38:16+03:00\" class=\"wp-block-latest-posts__post-date\">06.06.2023<\/time><div class=\"wp-block-latest-posts__post-excerpt\">14 maaliskuuta 1:00 pm\u00a0&#8211;\u00a021 maaliskuuta 4:00 pm&#8217; Krav Maga Turku j\u00e4rjest\u00e4\u00e4 naisille suunnatun itsepuolustuskurssin maaliskuussa Turussa. Kurssin tavoitteena on opettaa toimintamalleja tyypillisiin naisiin kohdistuviin uhka- ja v\u00e4kivaltatilanteisiin. Kurssilla k\u00e4sitelt\u00e4vi\u00e4 teemoja ovat muun muassa h\u00e4t\u00e4varjelu, oma kehonkieli, \u00e4\u00e4nen k\u00e4ytt\u00f6, naisten vahvuudet itsepuolustustilanteessa ja k\u00e4yt\u00e4nn\u00f6n harjoitteet esimerkiksi erilaisia otteita tai hy\u00f6kk\u00e4yksi\u00e4 vastaan. Kurssip\u00e4iv\u00e4t ja kellonajat ovat Lis\u00e4tietoja\u2026 <a href=\"https:\/\/www.lohjankamppailukeskus.fi\/index.php\/2023\/06\/06\/naisten-itsepuolustuskurssi-turussa\/\" rel=\"noopener noreferrer\">Lue lis\u00e4\u00e4<span class=\"screen-reader-text\">: Naisten itsepuolustuskurssi Turussa<\/span><\/a><\/div><\/li>\n<li><a class=\"wp-block-latest-posts__post-title\" href=\"https:\/\/www.lohjankamppailukeskus.fi\/index.php\/2023\/06\/06\/vakivaltaisen-henkilon-hallinta-seminaari\/\">V\u00e4kivaltaisen henkil\u00f6n hallinta -seminaari<\/a><time datetime=\"2023-06-06T16:37:27+03:00\" class=\"wp-block-latest-posts__post-date\">06.06.2023<\/time><div class=\"wp-block-latest-posts__post-excerpt\">15 maaliskuuta 12:00 pm\u00a0&#8211;\u00a03:00 pm KMG Finland j\u00e4rjest\u00e4\u00e4 v\u00e4kivaltaisen henkil\u00f6n hallintaan keskittyv\u00e4n seminaarin 15.3.2020 Espoossa. Oheiset tiedot ovat alustavia ja muutokset ovat mahdollisia. Seminaarilla keskityt\u00e4\u00e4n v\u00e4kivaltaisen henkil\u00f6n hallintatekniikoihin sek\u00e4 itsepuolutustilanteiden p\u00e4\u00e4tt\u00e4miseen pehme\u00e4mmill\u00e4 henkil\u00f6n hallintaan p\u00e4\u00e4ttyvill\u00e4 ratkaisuilla. Seminaari on avoin kaikille KMG:n harrastajille tasosta riippumatta. Tapahtuman tiedot Ilmoittautuminen Ilmoittautuminen tapahtuu ilmoittautumislomakkeella.<\/div><\/li>\n<li><a class=\"wp-block-latest-posts__post-title\" href=\"https:\/\/www.lohjankamppailukeskus.fi\/index.php\/2023\/06\/06\/kmg-p-ja-g-tasojen-tasokokeet-kevat-2020\/\">KMG P- ja G-tasojen tasokokeet, kev\u00e4t 2020<\/a><time datetime=\"2023-06-06T16:35:38+03:00\" class=\"wp-block-latest-posts__post-date\">06.06.2023<\/time><div class=\"wp-block-latest-posts__post-excerpt\">24 toukokuuta 11:00 am\u00a0&#8211;\u00a04:30 pm KMG:n Practitioner ja Graduate tasojen tasokoe j\u00e4rjestet\u00e4\u00e4n 24.5.2020 Espoossa. Tapahtuman tiedot: Tasokoeohjeet ja osallistumisen edellytykset l\u00f6ytyv\u00e4t&nbsp;Tasokokeet-sivulta Ilmoittautuminen tapahtuu oheisen ilmoittautumislomakkeen kautta viimeist\u00e4\u00e4n 20.5.2020 menness\u00e4. Ilmoittautumisen yhteydess\u00e4 on ilmoitettava nykyinen taso. http:\/\/kmgfinland.com\/tapahtuma\/kmgn-p-ja-g-tasojen-tasokokeet-kevat-2020\/<\/div><\/li>\n<li><div class=\"wp-block-latest-posts__featured-image\"><a href=\"https:\/\/www.lohjankamppailukeskus.fi\/index.php\/2023\/06\/06\/ilkka-tuomelalle-krav-maga-1-dan\/\" aria-label=\"Ilkka Tuomelalle Krav Maga 1 Dan\"><img loading=\"lazy\" decoding=\"async\" width=\"150\" height=\"150\" src=\"https:\/\/www.lohjankamppailukeskus.fi\/wp-content\/uploads\/2023\/06\/tuomelalle1dan-150x150.jpg\" class=\"attachment-thumbnail size-thumbnail wp-post-image\" alt=\"\" style=\"\" \/><\/a><\/div><a class=\"wp-block-latest-posts__post-title\" href=\"https:\/\/www.lohjankamppailukeskus.fi\/index.php\/2023\/06\/06\/ilkka-tuomelalle-krav-maga-1-dan\/\">Ilkka Tuomelalle Krav Maga 1 Dan<\/a><time datetime=\"2023-06-06T16:34:06+03:00\" class=\"wp-block-latest-posts__post-date\">06.06.2023<\/time><div class=\"wp-block-latest-posts__post-excerpt\">Lohjan Kamppailukeskuksen krav maga ohjaaja Ilkka Tuomela suoritti Suomen krav maga liiton historian ensimm\u00e4isen mustan vy\u00f6n (1dan) kokeen 21.8.2016 Valkeakoskella pidetyiss\u00e4 mustanvy\u00f6n kokeissa. Koe kesti 6 tuntia, jonka aikana testattiin kokonaisvaltaisesti osaamisen taso kaikissa mahdollisissa tilanteissa. Kokeen lopuksi testattiin nyrkkeilykeh\u00e4ss\u00e4 viel\u00e4 henkinen taistelukest\u00e4vyys 2 vs 1 t\u00e4yskontaktiotteluissa , joita oteltiin yli 30 er\u00e4\u00e4. Lohjan kamppailukeskus\u2026 <a href=\"https:\/\/www.lohjankamppailukeskus.fi\/index.php\/2023\/06\/06\/ilkka-tuomelalle-krav-maga-1-dan\/\" rel=\"noopener noreferrer\">Lue lis\u00e4\u00e4<span class=\"screen-reader-text\">: Ilkka Tuomelalle Krav Maga 1 Dan<\/span><\/a><\/div><\/li>\n<\/ul>","protected":false},"excerpt":{"rendered":"","protected":false},"author":1,"featured_media":0,"parent":133,"menu_order":0,"comment_status":"closed","ping_status":"closed","template":"","meta":{"footnotes":""},"_links":{"self":[{"href":"https:\/\/www.lohjankamppailukeskus.fi\/index.php\/wp-json\/wp\/v2\/pages\/295"}],"collection":[{"href":"https:\/\/www.lohjankamppailukeskus.fi\/index.php\/wp-json\/wp\/v2\/pages"}],"about":[{"href":"https:\/\/www.lohjankamppailukeskus.fi\/index.php\/wp-json\/wp\/v2\/types\/page"}],"author":[{"embeddable":true,"href":"https:\/\/www.lohjankamppailukeskus.fi\/index.php\/wp-json\/wp\/v2\/users\/1"}],"replies":[{"embeddable":true,"href":"https:\/\/www.lohjankamppailukeskus.fi\/index.php\/wp-json\/wp\/v2\/comments?post=295"}],"version-history":[{"count":1,"href":"https:\/\/www.lohjankamppailukeskus.fi\/index.php\/wp-json\/wp\/v2\/pages\/295\/revisions"}],"predecessor-version":[{"id":296,"href":"https:\/\/www.lohjankamppailukeskus.fi\/index.php\/wp-json\/wp\/v2\/pages\/295\/revisions\/296"}],"up":[{"embeddable":true,"href":"https:\/\/www.lohjankamppailukeskus.fi\/index.php\/wp-json\/wp\/v2\/pages\/133"}],"wp:attachment":[{"href":"https:\/\/www.lohjankamppailukeskus.fi\/index.php\/wp-json\/wp\/v2\/media?parent=295"}],"curies":[{"name":"wp","href":"https:\/\/api.w.org\/{rel}","templated":true}]}}