{"id":157,"date":"2023-05-02T11:54:00","date_gmt":"2023-05-02T11:54:00","guid":{"rendered":"http:\/\/192.168.100.28\/?page_id=157"},"modified":"2025-09-01T10:00:21","modified_gmt":"2025-09-01T07:00:21","slug":"harjoitusmaksut","status":"publish","type":"page","link":"https:\/\/www.lohjankamppailukeskus.fi\/index.php\/yleista\/harjoitusmaksut\/","title":{"rendered":"Harjoitusmaksut"},"content":{"rendered":"\n<h2 class=\"wp-block-heading\">LKK:n kev\u00e4t- ja syyskausien&nbsp;kurssi- ja&nbsp;harjoitusmaksut<\/h2>\n\n\n\n<p>Harjoitusmaksut l\u00e4hetet\u00e4\u00e4n s\u00e4hk\u00f6postitse myClubiin (j\u00e4senrekisteri)&nbsp;ilmoittamaanne s\u00e4hk\u00f6postiin. Jos et ole viel\u00e4 rekister\u00f6itynyt myClubiin, <a rel=\"noreferrer noopener\" href=\"http:\/\/lohjankamppailukeskus.myclub.fi\/flow\/profile\/new\" target=\"_blank\">rekister\u00f6idy t\u00e4st\u00e4<\/a>.<\/p>\n\n\n\n<p>Harjoitusmaksut per kausi:<\/p>\n\n\n\n<ul>\n<li>Aikuisharrastajat 140 \u20ac. Maksulla voi harrastaa seuran kaikkia lajeja.&nbsp;Lis\u00e4ksi aikuisharrastajilla j\u00e4senmaksu 30 euroa\/vuosi.<\/li>\n\n\n\n<li>Junioriharrastajat 100\u20ac. Maksulla voi harrastaa seuran kaikkia juniorilajeja.<\/li>\n<\/ul>\n\n\n\n<p>Huomioikaa seuraavat t\u00e4rke\u00e4t asiat harjoitusmaksuissa:<\/p>\n\n\n\n<ul>\n<li>K\u00e4yt\u00e4 aina laskussa olevaa viitenumeroa! Muutoin lasku ei p\u00e4ivity oikein myClubiin.<\/li>\n\n\n\n<li>Lohjan Kamppailukeskuksessa voit hy\u00f6dynt\u00e4\u00e4 Smartum, Sporttipassi&nbsp;yms. liikuntaetuja.&nbsp;Maksaessasi fyysisill\u00e4 seteleit\u00e4, summaan lis\u00e4t\u00e4\u00e4n k\u00e4sittelykuluja yhden setelin arvon verran. Edun k\u00e4ytt\u00e4misest\u00e4 saat lis\u00e4ohjeita ryhmien vet\u00e4jilt\u00e4. Jos maksat Smartum-seteleill\u00e4 yms, vastaa lasku-s\u00e4hk\u00f6postiin ilmoittamalla kenelle olet maksanut, milloin ja mill\u00e4 (virikeseteleill\u00e4 tai verkkomaksuilla esim. Smartum tai Sporttipassi), niin laskusi tarkastetaan ja kuitataan myClubiin hoidetuksi.<\/li>\n\n\n\n<li>Perhealennus: kolmannesta j\u00e4senest\u00e4 alkaen saa 50 prosentin alennuksen halvimmista harjoitusmaksuista. Voit suoraan maksaa laskulla puolet hinnasta, mutta kirjoita myClubiin kyseisen henkil\u00f6n Omat tiedot -v\u00e4lilehdelle Harjoitusmaksualennus-kohtaan: perhealennus, tai ilmoita asia vastaamalla lasku-s\u00e4hk\u00f6postiin ja ilmoita, ett\u00e4 v\u00e4hensit perhealennuksen.<\/li>\n\n\n\n<li>Jos olet sopinut lajisi vastuuohjaajan kanssa muutoksista harjoitusmaksuun esim. olet ohjaaja, kirjaa myClubiin Omat tiedot -v\u00e4lilehdelle Harjoitusmaksualennuskohtaan:&nbsp;ohjaaja tai&nbsp;ilmoita tieto vastaamalla lasku-s\u00e4hk\u00f6postiin kenen vastuuohjaajan luvalla ja mit\u00e4 olette sopineet, niin muutos tarkistetaan ja kuitataan myClubiin.<\/li>\n<\/ul>\n\n\n\n<p>Kaikista harjoitusmaksuihin ja laskuihin liittyvist\u00e4 asioista voit olla yhteydess\u00e4&nbsp;<strong>jaana.perttila(\u00e4t)lohjankamppailukeskus.fi.<\/strong><\/p>\n\n\n\n<h2 class=\"wp-block-heading\">Muuta t\u00e4rke\u00e4\u00e4<\/h2>\n\n\n\n<p>Lohjan Kamppailukeskus ei vastaa harjoituksissa, salilla, leireill\u00e4 tai n\u00e4yt\u00f6ksiss\u00e4 sattuneista vahingoista tai tapaturmista. Harjoittelija hankkii itse itselleen tarvittavat vakuutukset.<\/p>\n\n\n\n<p>Opittujen itsepuolustus- ja kamppailutaitojen v\u00e4kivaltainen v\u00e4\u00e4rink\u00e4ytt\u00f6 johtaa v\u00e4litt\u00f6m\u00e4sti erottamiseen.<br>V\u00e4kivaltarikoksista tuomituille tai muutoin v\u00e4kivaltaisesti k\u00e4ytt\u00e4ytyville henkil\u00f6ille ei anneta opetusta.<br>V\u00e4\u00e4rien tietojen antaminen johtaa hakemuksen v\u00e4litt\u00f6m\u00e4\u00e4n hylk\u00e4\u00e4miseen.<br>Lohjan Kamppailukeskuksella on oikeus kurinpidollisista tai muista vastaavista syist\u00e4 erottaa harjoittelija palauttamatta harjoitus-\/kurssimaksua.<\/p>\n","protected":false},"excerpt":{"rendered":"<p>LKK:n kev\u00e4t- ja syyskausien&nbsp;kurssi- ja&nbsp;harjoitusmaksut Harjoitusmaksut l\u00e4hetet\u00e4\u00e4n s\u00e4hk\u00f6postitse myClubiin (j\u00e4senrekisteri)&nbsp;ilmoittamaanne s\u00e4hk\u00f6postiin. Jos et ole viel\u00e4 rekister\u00f6itynyt myClubiin, rekister\u00f6idy t\u00e4st\u00e4. Harjoitusmaksut per kausi: Huomioikaa seuraavat t\u00e4rke\u00e4t asiat harjoitusmaksuissa: Kaikista harjoitusmaksuihin ja laskuihin liittyvist\u00e4 asioista voit olla yhteydess\u00e4&nbsp;jaana.perttila(\u00e4t)lohjankamppailukeskus.fi. Muuta t\u00e4rke\u00e4\u00e4 Lohjan Kamppailukeskus ei vastaa harjoituksissa, salilla, leireill\u00e4 tai n\u00e4yt\u00f6ksiss\u00e4 sattuneista vahingoista tai tapaturmista. Harjoittelija hankkii itse itselleen [&hellip;]<\/p>\n","protected":false},"author":1,"featured_media":0,"parent":205,"menu_order":0,"comment_status":"closed","ping_status":"closed","template":"","meta":{"footnotes":""},"_links":{"self":[{"href":"https:\/\/www.lohjankamppailukeskus.fi\/index.php\/wp-json\/wp\/v2\/pages\/157"}],"collection":[{"href":"https:\/\/www.lohjankamppailukeskus.fi\/index.php\/wp-json\/wp\/v2\/pages"}],"about":[{"href":"https:\/\/www.lohjankamppailukeskus.fi\/index.php\/wp-json\/wp\/v2\/types\/page"}],"author":[{"embeddable":true,"href":"https:\/\/www.lohjankamppailukeskus.fi\/index.php\/wp-json\/wp\/v2\/users\/1"}],"replies":[{"embeddable":true,"href":"https:\/\/www.lohjankamppailukeskus.fi\/index.php\/wp-json\/wp\/v2\/comments?post=157"}],"version-history":[{"count":5,"href":"https:\/\/www.lohjankamppailukeskus.fi\/index.php\/wp-json\/wp\/v2\/pages\/157\/revisions"}],"predecessor-version":[{"id":770,"href":"https:\/\/www.lohjankamppailukeskus.fi\/index.php\/wp-json\/wp\/v2\/pages\/157\/revisions\/770"}],"up":[{"embeddable":true,"href":"https:\/\/www.lohjankamppailukeskus.fi\/index.php\/wp-json\/wp\/v2\/pages\/205"}],"wp:attachment":[{"href":"https:\/\/www.lohjankamppailukeskus.fi\/index.php\/wp-json\/wp\/v2\/media?parent=157"}],"curies":[{"name":"wp","href":"https:\/\/api.w.org\/{rel}","templated":true}]}}