{"id":143,"date":"2023-05-02T07:56:37","date_gmt":"2023-05-02T07:56:37","guid":{"rendered":"http:\/\/192.168.100.28\/?page_id=143"},"modified":"2025-06-25T18:29:01","modified_gmt":"2025-06-25T15:29:01","slug":"ohjaajat","status":"publish","type":"page","link":"https:\/\/www.lohjankamppailukeskus.fi\/index.php\/krav-maga\/ohjaajat\/","title":{"rendered":"Ohjaajat"},"content":{"rendered":"\n<div class=\"wp-block-media-text alignwide is-stacked-on-mobile\" style=\"grid-template-columns:24% auto\"><figure class=\"wp-block-media-text__media\"><img loading=\"lazy\" decoding=\"async\" width=\"230\" height=\"230\" src=\"https:\/\/www.lohjankamppailukeskus.fi\/wp-content\/uploads\/2023\/05\/ilkkatuomela.jpg\" alt=\"\" class=\"wp-image-144 size-full\" srcset=\"https:\/\/www.lohjankamppailukeskus.fi\/wp-content\/uploads\/2023\/05\/ilkkatuomela.jpg 230w, https:\/\/www.lohjankamppailukeskus.fi\/wp-content\/uploads\/2023\/05\/ilkkatuomela-150x150.jpg 150w\" sizes=\"(max-width: 230px) 100vw, 230px\" \/><\/figure><div class=\"wp-block-media-text__content\">\n<h2 class=\"wp-block-heading\">Ilkka Tuomela<\/h2>\n\n\n\n<p>Expert 1 \/ 1 Dan<br>040-7100902<\/p>\n<\/div><\/div>\n\n\n\n<div class=\"wp-block-media-text alignwide is-stacked-on-mobile\" style=\"grid-template-columns:24% auto\"><figure class=\"wp-block-media-text__media\"><img loading=\"lazy\" decoding=\"async\" width=\"1024\" height=\"1024\" src=\"https:\/\/www.lohjankamppailukeskus.fi\/wp-content\/uploads\/2023\/04\/blank-profile-picture-g341f58bd4_1280-1024x1024.png\" alt=\"\" class=\"wp-image-72 size-full\" srcset=\"https:\/\/www.lohjankamppailukeskus.fi\/wp-content\/uploads\/2023\/04\/blank-profile-picture-g341f58bd4_1280-1024x1024.png 1024w, https:\/\/www.lohjankamppailukeskus.fi\/wp-content\/uploads\/2023\/04\/blank-profile-picture-g341f58bd4_1280-300x300.png 300w, https:\/\/www.lohjankamppailukeskus.fi\/wp-content\/uploads\/2023\/04\/blank-profile-picture-g341f58bd4_1280-150x150.png 150w, https:\/\/www.lohjankamppailukeskus.fi\/wp-content\/uploads\/2023\/04\/blank-profile-picture-g341f58bd4_1280-768x768.png 768w, https:\/\/www.lohjankamppailukeskus.fi\/wp-content\/uploads\/2023\/04\/blank-profile-picture-g341f58bd4_1280.png 1280w\" sizes=\"(max-width: 1024px) 100vw, 1024px\" \/><\/figure><div class=\"wp-block-media-text__content\">\n<h2 class=\"wp-block-heading\">Jani Sillanp\u00e4\u00e4<\/h2>\n\n\n\n<p>Expert 1<\/p>\n<\/div><\/div>\n\n\n\n<div class=\"wp-block-media-text alignwide is-stacked-on-mobile\" style=\"grid-template-columns:24% auto\"><figure class=\"wp-block-media-text__media\"><img loading=\"lazy\" decoding=\"async\" width=\"230\" height=\"230\" src=\"https:\/\/www.lohjankamppailukeskus.fi\/wp-content\/uploads\/2023\/05\/kariturunen.jpg\" alt=\"\" class=\"wp-image-145 size-full\" srcset=\"https:\/\/www.lohjankamppailukeskus.fi\/wp-content\/uploads\/2023\/05\/kariturunen.jpg 230w, https:\/\/www.lohjankamppailukeskus.fi\/wp-content\/uploads\/2023\/05\/kariturunen-150x150.jpg 150w\" sizes=\"(max-width: 230px) 100vw, 230px\" \/><\/figure><div class=\"wp-block-media-text__content\">\n<h2 class=\"wp-block-heading\">Kari Turunen<\/h2>\n\n\n\n<p>Graduate 5<br>050-5900449<\/p>\n<\/div><\/div>\n\n\n\n<div class=\"wp-block-media-text alignwide is-stacked-on-mobile\" style=\"grid-template-columns:24% auto\"><figure class=\"wp-block-media-text__media\"><img loading=\"lazy\" decoding=\"async\" width=\"1024\" height=\"1024\" src=\"https:\/\/www.lohjankamppailukeskus.fi\/wp-content\/uploads\/2023\/04\/blank-profile-picture-g341f58bd4_1280-1024x1024.png\" alt=\"\" class=\"wp-image-72 size-full\" srcset=\"https:\/\/www.lohjankamppailukeskus.fi\/wp-content\/uploads\/2023\/04\/blank-profile-picture-g341f58bd4_1280-1024x1024.png 1024w, https:\/\/www.lohjankamppailukeskus.fi\/wp-content\/uploads\/2023\/04\/blank-profile-picture-g341f58bd4_1280-300x300.png 300w, https:\/\/www.lohjankamppailukeskus.fi\/wp-content\/uploads\/2023\/04\/blank-profile-picture-g341f58bd4_1280-150x150.png 150w, https:\/\/www.lohjankamppailukeskus.fi\/wp-content\/uploads\/2023\/04\/blank-profile-picture-g341f58bd4_1280-768x768.png 768w, https:\/\/www.lohjankamppailukeskus.fi\/wp-content\/uploads\/2023\/04\/blank-profile-picture-g341f58bd4_1280.png 1280w\" sizes=\"(max-width: 1024px) 100vw, 1024px\" \/><\/figure><div class=\"wp-block-media-text__content\">\n<h2 class=\"wp-block-heading\">Tero Hiljanen<\/h2>\n\n\n\n<p>Graduate 4<\/p>\n<\/div><\/div>\n\n\n\n<div class=\"wp-block-media-text alignwide is-stacked-on-mobile\" style=\"grid-template-columns:24% auto\"><figure class=\"wp-block-media-text__media\"><img loading=\"lazy\" decoding=\"async\" width=\"927\" height=\"1024\" src=\"https:\/\/www.lohjankamppailukeskus.fi\/wp-content\/uploads\/2023\/05\/jarikataikko-927x1024.jpg\" alt=\"\" class=\"wp-image-146 size-full\" srcset=\"https:\/\/www.lohjankamppailukeskus.fi\/wp-content\/uploads\/2023\/05\/jarikataikko-927x1024.jpg 927w, https:\/\/www.lohjankamppailukeskus.fi\/wp-content\/uploads\/2023\/05\/jarikataikko-272x300.jpg 272w, https:\/\/www.lohjankamppailukeskus.fi\/wp-content\/uploads\/2023\/05\/jarikataikko-768x848.jpg 768w, https:\/\/www.lohjankamppailukeskus.fi\/wp-content\/uploads\/2023\/05\/jarikataikko.jpg 1286w\" sizes=\"(max-width: 927px) 100vw, 927px\" \/><\/figure><div class=\"wp-block-media-text__content\">\n<h2 class=\"wp-block-heading\">Jari Kataikko<\/h2>\n\n\n\n<p>Graduate 1 \/ Bjj sininen vy\u00f6<\/p>\n<\/div><\/div>\n\n\n\n<div class=\"wp-block-media-text alignwide is-stacked-on-mobile\" style=\"grid-template-columns:24% auto\"><figure class=\"wp-block-media-text__media\"><img loading=\"lazy\" decoding=\"async\" width=\"210\" height=\"230\" src=\"https:\/\/www.lohjankamppailukeskus.fi\/wp-content\/uploads\/2023\/05\/toniporvali.png\" alt=\"\" class=\"wp-image-147 size-full\"\/><\/figure><div class=\"wp-block-media-text__content\">\n<h2 class=\"wp-block-heading\">Toni Porvali<\/h2>\n\n\n\n<p>Graduate 3<br>Junior p\u00e4\u00e4ohjaaja<\/p>\n<\/div><\/div>\n\n\n\n<div class=\"wp-block-media-text alignwide is-stacked-on-mobile\" style=\"grid-template-columns:24% auto\"><figure class=\"wp-block-media-text__media\"><img loading=\"lazy\" decoding=\"async\" width=\"652\" height=\"656\" src=\"https:\/\/www.lohjankamppailukeskus.fi\/wp-content\/uploads\/2023\/05\/anttiheino.jpg\" alt=\"\" class=\"wp-image-148 size-full\" srcset=\"https:\/\/www.lohjankamppailukeskus.fi\/wp-content\/uploads\/2023\/05\/anttiheino.jpg 652w, https:\/\/www.lohjankamppailukeskus.fi\/wp-content\/uploads\/2023\/05\/anttiheino-298x300.jpg 298w, https:\/\/www.lohjankamppailukeskus.fi\/wp-content\/uploads\/2023\/05\/anttiheino-150x150.jpg 150w\" sizes=\"(max-width: 652px) 100vw, 652px\" \/><\/figure><div class=\"wp-block-media-text__content\">\n<h2 class=\"wp-block-heading\">Antti Heino<\/h2>\n<\/div><\/div>\n\n\n\n<div class=\"wp-block-media-text alignwide is-stacked-on-mobile\" style=\"grid-template-columns:24% auto\"><figure class=\"wp-block-media-text__media\"><img loading=\"lazy\" decoding=\"async\" width=\"1024\" height=\"1024\" src=\"https:\/\/www.lohjankamppailukeskus.fi\/wp-content\/uploads\/2023\/04\/blank-profile-picture-g341f58bd4_1280-1024x1024.png\" alt=\"\" class=\"wp-image-72 size-full\" srcset=\"https:\/\/www.lohjankamppailukeskus.fi\/wp-content\/uploads\/2023\/04\/blank-profile-picture-g341f58bd4_1280-1024x1024.png 1024w, https:\/\/www.lohjankamppailukeskus.fi\/wp-content\/uploads\/2023\/04\/blank-profile-picture-g341f58bd4_1280-300x300.png 300w, https:\/\/www.lohjankamppailukeskus.fi\/wp-content\/uploads\/2023\/04\/blank-profile-picture-g341f58bd4_1280-150x150.png 150w, https:\/\/www.lohjankamppailukeskus.fi\/wp-content\/uploads\/2023\/04\/blank-profile-picture-g341f58bd4_1280-768x768.png 768w, https:\/\/www.lohjankamppailukeskus.fi\/wp-content\/uploads\/2023\/04\/blank-profile-picture-g341f58bd4_1280.png 1280w\" sizes=\"(max-width: 1024px) 100vw, 1024px\" \/><\/figure><div class=\"wp-block-media-text__content\">\n<h2 class=\"wp-block-heading\">Martti Pirhonen<\/h2>\n\n\n\n<p>Practitioner 4<br>Junior ohjaaja<\/p>\n<\/div><\/div>\n","protected":false},"excerpt":{"rendered":"<p>Ilkka Tuomela Expert 1 \/ 1 Dan040-7100902 Jani Sillanp\u00e4\u00e4 Expert 1 Kari Turunen Graduate 5050-5900449 Tero Hiljanen Graduate 4 Jari Kataikko Graduate 1 \/ Bjj sininen vy\u00f6 Toni Porvali Graduate 3Junior p\u00e4\u00e4ohjaaja Antti Heino Martti Pirhonen Practitioner 4Junior ohjaaja<\/p>\n","protected":false},"author":1,"featured_media":0,"parent":133,"menu_order":0,"comment_status":"closed","ping_status":"closed","template":"","meta":{"footnotes":""},"_links":{"self":[{"href":"https:\/\/www.lohjankamppailukeskus.fi\/index.php\/wp-json\/wp\/v2\/pages\/143"}],"collection":[{"href":"https:\/\/www.lohjankamppailukeskus.fi\/index.php\/wp-json\/wp\/v2\/pages"}],"about":[{"href":"https:\/\/www.lohjankamppailukeskus.fi\/index.php\/wp-json\/wp\/v2\/types\/page"}],"author":[{"embeddable":true,"href":"https:\/\/www.lohjankamppailukeskus.fi\/index.php\/wp-json\/wp\/v2\/users\/1"}],"replies":[{"embeddable":true,"href":"https:\/\/www.lohjankamppailukeskus.fi\/index.php\/wp-json\/wp\/v2\/comments?post=143"}],"version-history":[{"count":5,"href":"https:\/\/www.lohjankamppailukeskus.fi\/index.php\/wp-json\/wp\/v2\/pages\/143\/revisions"}],"predecessor-version":[{"id":711,"href":"https:\/\/www.lohjankamppailukeskus.fi\/index.php\/wp-json\/wp\/v2\/pages\/143\/revisions\/711"}],"up":[{"embeddable":true,"href":"https:\/\/www.lohjankamppailukeskus.fi\/index.php\/wp-json\/wp\/v2\/pages\/133"}],"wp:attachment":[{"href":"https:\/\/www.lohjankamppailukeskus.fi\/index.php\/wp-json\/wp\/v2\/media?parent=143"}],"curies":[{"name":"wp","href":"https:\/\/api.w.org\/{rel}","templated":true}]}}