{"id":128,"date":"2023-05-02T07:18:57","date_gmt":"2023-05-02T07:18:57","guid":{"rendered":"http:\/\/192.168.100.28\/?page_id=128"},"modified":"2025-03-29T20:52:20","modified_gmt":"2025-03-29T18:52:20","slug":"kenjutsu","status":"publish","type":"page","link":"https:\/\/www.lohjankamppailukeskus.fi\/index.php\/kenjutsu\/","title":{"rendered":"Kenjutsu"},"content":{"rendered":"\n<div class=\"wp-block-media-text alignwide is-stacked-on-mobile\" style=\"grid-template-columns:20% auto\"><figure class=\"wp-block-media-text__media\"><img loading=\"lazy\" decoding=\"async\" width=\"150\" height=\"148\" src=\"https:\/\/www.lohjankamppailukeskus.fi\/wp-content\/uploads\/2023\/05\/kenjutsu.jpg\" alt=\"\" class=\"wp-image-129 size-full\"\/><\/figure><div class=\"wp-block-media-text__content\">\n<p>Kenjutsu on perinteinen japanilainen miekank\u00e4ytt\u00f6taito. Lohjalla harrastettavan Kenjutsun tyylisuunta on Koden Enshin Ryu. Laji sopii kaikille yli 15 vuotta t\u00e4ytt\u00e4neille.<\/p>\n\n\n\n<p>Peruskurssit alkavat yleens\u00e4 tammi- ja elokuussa. Mukaan tarvitset urheilumielt\u00e4 ja kiinnostus japanilaiseen budoperinteeseen ei ainakaan ole haitaksi.<\/p>\n\n\n\n<p>Alussa harjoittelumiekat eli bokkenit lainataan seuralta.<\/p>\n<\/div><\/div>\n\n\n\n<p>Taitojen kehittyess\u00e4 harjoitellaan my\u00f6s ter\u00e4v\u00e4ll\u00e4 miekalla. N\u00e4ill\u00e4 Shinkeneill\u00e4 (katana) tehd\u00e4\u00e4n katoja ja my\u00f6hemmin my\u00f6s leikkuuharjoituksia.<\/p>\n\n\n\n<p>Harjoitteluun kuuluu my\u00f6s jonkin verran kenjutsun ja ju-jutsun yhdistelmi\u00e4, joten varsin mielenkiintoisesta ja haastavasta lajista on kyse. Kova fyysinen kontakti ei kuulu lajiin, joten harjoittelu sopii erinomaisesti my\u00f6s niille joilla aktiivinen harjoittelu on mahdollisesti jo j\u00e4\u00e4nyt, mutta silti halua tehd\u00e4 jotain budon parissa on j\u00e4ljell\u00e4.<\/p>\n\n\n\n<p><strong>HUOM. Lajia voi tulla koska tahansa kokeilemaan vaikka ei kurssille mukaan tulisikaan.<\/strong><\/p>\n\n\n\n<p><strong>Harjoitukset maanantaisin 18.00-19.30 sek\u00e4 lauantaisin klo: 13.00-14.30 Kuuselankujalla.<\/strong><\/p>\n\n\n\n<p><a href=\"http:\/\/kenjutsu.fi\">www.kenjutsu.fi<\/a> on tyylisuunnan kotisivu suomessa.<\/p>\n\n\n\n<p><mark style=\"background-color:rgba(0, 0, 0, 0);color:#ff0000\" class=\"has-inline-color\">Lis\u00e4\u00e4 tietoa seuran ajankohtaisista Kenjutsu asioista ja uutisista l\u00f6yd\u00e4 uutiset osioista.<\/mark><\/p>\n\n\n\n<p>Tervetuloa salille.<\/p>\n\n\n\n<!-- EMBED SCRIPT START -->\n\n<div id=\"collection-component\"><\/div>\n<script type=\"text\/javascript\" src=\"https:\/\/cdn.shopify.com\/s\/files\/1\/2972\/2448\/files\/shop-loader.js\" version=\"2\"><\/script>\n\n<!-- EMBED SCRIPT END -->\n","protected":false},"excerpt":{"rendered":"<p>Kenjutsu on perinteinen japanilainen miekank\u00e4ytt\u00f6taito. Lohjalla harrastettavan Kenjutsun tyylisuunta on Koden Enshin Ryu. Laji sopii kaikille yli 15 vuotta t\u00e4ytt\u00e4neille. Peruskurssit alkavat yleens\u00e4 tammi- ja elokuussa. Mukaan tarvitset urheilumielt\u00e4 ja kiinnostus japanilaiseen budoperinteeseen ei ainakaan ole haitaksi. Alussa harjoittelumiekat eli bokkenit lainataan seuralta. Taitojen kehittyess\u00e4 harjoitellaan my\u00f6s ter\u00e4v\u00e4ll\u00e4 miekalla. N\u00e4ill\u00e4 Shinkeneill\u00e4 (katana) tehd\u00e4\u00e4n katoja ja [&hellip;]<\/p>\n","protected":false},"author":1,"featured_media":0,"parent":0,"menu_order":0,"comment_status":"closed","ping_status":"closed","template":"","meta":{"footnotes":""},"_links":{"self":[{"href":"https:\/\/www.lohjankamppailukeskus.fi\/index.php\/wp-json\/wp\/v2\/pages\/128"}],"collection":[{"href":"https:\/\/www.lohjankamppailukeskus.fi\/index.php\/wp-json\/wp\/v2\/pages"}],"about":[{"href":"https:\/\/www.lohjankamppailukeskus.fi\/index.php\/wp-json\/wp\/v2\/types\/page"}],"author":[{"embeddable":true,"href":"https:\/\/www.lohjankamppailukeskus.fi\/index.php\/wp-json\/wp\/v2\/users\/1"}],"replies":[{"embeddable":true,"href":"https:\/\/www.lohjankamppailukeskus.fi\/index.php\/wp-json\/wp\/v2\/comments?post=128"}],"version-history":[{"count":2,"href":"https:\/\/www.lohjankamppailukeskus.fi\/index.php\/wp-json\/wp\/v2\/pages\/128\/revisions"}],"predecessor-version":[{"id":640,"href":"https:\/\/www.lohjankamppailukeskus.fi\/index.php\/wp-json\/wp\/v2\/pages\/128\/revisions\/640"}],"wp:attachment":[{"href":"https:\/\/www.lohjankamppailukeskus.fi\/index.php\/wp-json\/wp\/v2\/media?parent=128"}],"curies":[{"name":"wp","href":"https:\/\/api.w.org\/{rel}","templated":true}]}}