{"id":113,"date":"2023-04-29T14:45:07","date_gmt":"2023-04-29T14:45:07","guid":{"rendered":"http:\/\/192.168.100.28\/?page_id=113"},"modified":"2023-04-29T14:45:07","modified_gmt":"2023-04-29T14:45:07","slug":"karate-kids","status":"publish","type":"page","link":"https:\/\/www.lohjankamppailukeskus.fi\/index.php\/karate\/karate-kids\/","title":{"rendered":"Karate kids"},"content":{"rendered":"\n<h2 class=\"wp-block-heading\">Toimintaidea<\/h2>\n\n\n\n<p>Karate Kids on 5-6-vuotiaiden lasten ryhm\u00e4, jossa harrastetaan monipuolista ja leikinomaista liikuntaa sek\u00e4 perehdyt\u00e4\u00e4n karaten perustaitoihin. Karate Kids tukee lapsen kokonaisvaltaista kehityst\u00e4 ja opettaa lapselle ryhm\u00e4ss\u00e4 toimimisen taitoja.&nbsp;Toiminta on T\u00e4htiseura-laatumerkin arvojen mukaista.<\/p>\n\n\n\n<h2 class=\"wp-block-heading\">Aloittaminen<\/h2>\n\n\n\n<p>Karate Kidseihin otetaan uusia ryhm\u00e4l\u00e4isi\u00e4 syksyisin&nbsp;ja kev\u00e4isin. Parissa ensimm\u00e4isess\u00e4 harjoituksessa voi k\u00e4yd\u00e4 tutustumassa toimintaan ja sen j\u00e4lkeen p\u00e4\u00e4tt\u00e4\u00e4, haluaako jatkaa ryhm\u00e4ss\u00e4.<\/p>\n\n\n\n<h2 class=\"wp-block-heading\">Karate Kids harjoitusaikataulu<\/h2>\n\n\n\n<p>Karate Kidsien harjoitusaikataulu l\u00f6ytyy\u00a0myClubista.<\/p>\n\n\n\n<h2 class=\"wp-block-heading\">Harjoitukset<\/h2>\n\n\n\n<p>Karate Kids- harjoitukset ovat torstaisin klo 17:00-18:00 Lohjan Kamppailukeskuksen salilla kuuselankuja 4. Harjoituksien rakenne on seuraavanlainen:<\/p>\n\n\n\n<p>Alkul\u00e4mp\u00f6<br>Taito-osuus<br>Juomatauko (noin puolessa v\u00e4liss\u00e4) + piiriin kokoontuminen<br>Karateosuus<br>Loppuleikki<br>Rentoutus<\/p>\n\n\n\n<h2 class=\"wp-block-heading\">Harjoitusmaksu<\/h2>\n\n\n\n<p>Karate Kidsien harjoittelumaksu on 100 \u20ac\/lukukausi.<\/p>\n\n\n\n<h2 class=\"wp-block-heading\">Karate Kids -vastaava<\/h2>\n\n\n\n<p>Jaana Perttil\u00e4<\/p>\n\n\n\n<p>Email: jaana.perttila(\u00e4t)lohjankamppailukeskus.fi<br>Puh: 050-5456786<\/p>\n","protected":false},"excerpt":{"rendered":"<p>Toimintaidea Karate Kids on 5-6-vuotiaiden lasten ryhm\u00e4, jossa harrastetaan monipuolista ja leikinomaista liikuntaa sek\u00e4 perehdyt\u00e4\u00e4n karaten perustaitoihin. Karate Kids tukee lapsen kokonaisvaltaista kehityst\u00e4 ja opettaa lapselle ryhm\u00e4ss\u00e4 toimimisen taitoja.&nbsp;Toiminta on T\u00e4htiseura-laatumerkin arvojen mukaista. Aloittaminen Karate Kidseihin otetaan uusia ryhm\u00e4l\u00e4isi\u00e4 syksyisin&nbsp;ja kev\u00e4isin. Parissa ensimm\u00e4isess\u00e4 harjoituksessa voi k\u00e4yd\u00e4 tutustumassa toimintaan ja sen j\u00e4lkeen p\u00e4\u00e4tt\u00e4\u00e4, haluaako jatkaa ryhm\u00e4ss\u00e4. [&hellip;]<\/p>\n","protected":false},"author":1,"featured_media":0,"parent":93,"menu_order":0,"comment_status":"closed","ping_status":"closed","template":"","meta":{"footnotes":""},"_links":{"self":[{"href":"https:\/\/www.lohjankamppailukeskus.fi\/index.php\/wp-json\/wp\/v2\/pages\/113"}],"collection":[{"href":"https:\/\/www.lohjankamppailukeskus.fi\/index.php\/wp-json\/wp\/v2\/pages"}],"about":[{"href":"https:\/\/www.lohjankamppailukeskus.fi\/index.php\/wp-json\/wp\/v2\/types\/page"}],"author":[{"embeddable":true,"href":"https:\/\/www.lohjankamppailukeskus.fi\/index.php\/wp-json\/wp\/v2\/users\/1"}],"replies":[{"embeddable":true,"href":"https:\/\/www.lohjankamppailukeskus.fi\/index.php\/wp-json\/wp\/v2\/comments?post=113"}],"version-history":[{"count":1,"href":"https:\/\/www.lohjankamppailukeskus.fi\/index.php\/wp-json\/wp\/v2\/pages\/113\/revisions"}],"predecessor-version":[{"id":114,"href":"https:\/\/www.lohjankamppailukeskus.fi\/index.php\/wp-json\/wp\/v2\/pages\/113\/revisions\/114"}],"up":[{"embeddable":true,"href":"https:\/\/www.lohjankamppailukeskus.fi\/index.php\/wp-json\/wp\/v2\/pages\/93"}],"wp:attachment":[{"href":"https:\/\/www.lohjankamppailukeskus.fi\/index.php\/wp-json\/wp\/v2\/media?parent=113"}],"curies":[{"name":"wp","href":"https:\/\/api.w.org\/{rel}","templated":true}]}}